{"id":994,"date":"2025-03-13T04:54:34","date_gmt":"2025-03-13T03:54:34","guid":{"rendered":"https:\/\/ensembleinstrumentalpv.com\/?page_id=994"},"modified":"2025-11-30T07:13:56","modified_gmt":"2025-11-30T06:13:56","slug":"le-mot-du-president","status":"publish","type":"page","link":"https:\/\/ensembleinstrumentalpv.com\/index.php\/le-mot-du-president\/","title":{"rendered":"Le mot du Pr\u00e9sident"},"content":{"rendered":"<div data-colibri-id=\"994-c1\" class=\"style-316 style-local-994-c1 position-relative\">\n  <!---->\n  <div data-colibri-component=\"section\" data-colibri-id=\"994-c2\" id=\"initial-content\" class=\"h-section h-section-global-spacing d-flex align-items-lg-center align-items-md-center align-items-center style-317 style-local-994-c2 position-relative\">\n    <!---->\n    <!---->\n    <div class=\"h-section-grid-container h-section-boxed-container\">\n      <!---->\n      <div data-colibri-id=\"994-c9\" class=\"h-row-container gutters-row-lg-2 gutters-row-md-2 gutters-row-0 gutters-row-v-lg-2 gutters-row-v-md-2 gutters-row-v-2 style-324 style-local-994-c9 position-relative\">\n        <!---->\n        <div class=\"h-row justify-content-lg-center justify-content-md-center justify-content-center align-items-lg-stretch align-items-md-stretch align-items-stretch gutters-col-lg-2 gutters-col-md-2 gutters-col-0 gutters-col-v-lg-2 gutters-col-v-md-2 gutters-col-v-2\">\n          <!---->\n          <div class=\"h-column h-column-container d-flex h-col-lg-auto h-col-md-auto h-col-auto style-325-outer style-local-994-c10-outer\">\n            <div data-colibri-id=\"994-c10\" class=\"d-flex h-flex-basis h-column__inner h-ui-empty-state-container h-px-lg-2 h-px-md-2 h-px-2 v-inner-lg-2 v-inner-md-2 v-inner-2 style-325 style-local-994-c10 position-relative\">\n              <!---->\n              <!---->\n              <div class=\"w-100 h-y-container h-column__content h-column__v-align flex-basis-100\">\n                <!---->\n              <\/div>\n            <\/div>\n          <\/div>\n        <\/div>\n      <\/div>\n      <div data-colibri-id=\"994-c6\" class=\"h-row-container gutters-row-lg-2 gutters-row-md-2 gutters-row-0 gutters-row-v-lg-2 gutters-row-v-md-2 gutters-row-v-2 style-321 style-local-994-c6 position-relative\">\n        <!---->\n        <div class=\"h-row justify-content-lg-center justify-content-md-center justify-content-center align-items-lg-stretch align-items-md-stretch align-items-stretch gutters-col-lg-2 gutters-col-md-2 gutters-col-0 gutters-col-v-lg-2 gutters-col-v-md-2 gutters-col-v-2\">\n          <!---->\n          <div class=\"h-column h-column-container d-flex h-col-lg-auto h-col-md-auto h-col-auto style-322-outer style-local-994-c7-outer\">\n            <div data-colibri-id=\"994-c7\" class=\"d-flex h-flex-basis h-column__inner h-ui-empty-state-container h-px-lg-2 h-px-md-2 h-px-2 v-inner-lg-2 v-inner-md-2 v-inner-2 style-322 style-local-994-c7 position-relative\">\n              <!---->\n              <!---->\n              <div class=\"w-100 h-y-container h-column__content h-column__v-align flex-basis-100\">\n                <!---->\n              <\/div>\n            <\/div>\n          <\/div>\n        <\/div>\n      <\/div>\n      <div data-colibri-id=\"994-c3\" class=\"h-row-container gutters-row-lg-2 gutters-row-md-2 gutters-row-0 gutters-row-v-lg-2 gutters-row-v-md-2 gutters-row-v-2 style-318 style-local-994-c3 position-relative\">\n        <!---->\n        <div class=\"h-row justify-content-lg-center justify-content-md-center justify-content-center align-items-lg-stretch align-items-md-stretch align-items-stretch gutters-col-lg-2 gutters-col-md-2 gutters-col-0 gutters-col-v-lg-2 gutters-col-v-md-2 gutters-col-v-2\">\n          <!---->\n          <div class=\"h-column h-column-container d-flex h-col-lg-auto h-col-md-auto h-col-auto style-319-outer style-local-994-c4-outer\">\n            <div data-colibri-id=\"994-c4\" class=\"d-flex h-flex-basis h-column__inner h-px-lg-2 h-px-md-2 h-px-2 v-inner-lg-2 v-inner-md-2 v-inner-2 style-319 style-local-994-c4 position-relative\">\n              <!---->\n              <!---->\n              <div class=\"w-100 h-y-container h-column__content h-column__v-align flex-basis-100 align-self-lg-start align-self-md-start align-self-start\">\n                <!---->\n                <div data-colibri-id=\"994-c5\" class=\"style-320 style-local-994-c5 position-relative h-element\">\n                  <!---->\n                  <div>\n                    \n                    <p><\/p>\n                    \n\n                    \n                    <div class=\"wp-block-media-text is-stacked-on-mobile\" style=\"grid-template-columns:47% auto\">\n                      <figure class=\"wp-block-media-text__media\">\n                        <img loading=\"lazy\" decoding=\"async\" width=\"452\" height=\"640\" src=\"https:\/\/ensembleinstrumentalpv.com\/wp-content\/uploads\/2025\/03\/Photo-Croizier-Jean-Luc-2025-0312-pour-le-web-2.png\" alt=\"\" class=\"wp-image-996 size-full\" srcset=\"https:\/\/ensembleinstrumentalpv.com\/wp-content\/uploads\/2025\/03\/Photo-Croizier-Jean-Luc-2025-0312-pour-le-web-2.png 452w, https:\/\/ensembleinstrumentalpv.com\/wp-content\/uploads\/2025\/03\/Photo-Croizier-Jean-Luc-2025-0312-pour-le-web-2-212x300.png 212w\" sizes=\"auto, (max-width: 452px) 100vw, 452px\" \/>\n                      <\/figure>\n                      <div class=\"wp-block-media-text__content\">\n                        \n                        <p>Depuis bient\u00f4t une d\u00e9cennie, l\u2019Ensemble Instrumental Provence-Verdon (EIPV) enchante les m\u00e9lomanes de Gr\u00e9oux-les-Bains, r\u00e9sidents et de passage, de la R\u00e9gion PACA et m\u00eame \u00e0 l\u2019\u00e9tranger.<\/p>\n                        \n\n                        \n                        <p>En 2016, \u00e0 l\u2019initiative de Bernard MAUPPIN, rejoint par Olivier LECHARDEUR, ces derni\u00e8res ann\u00e9es, un collectif de musiciens s\u2019est r\u00e9uni, suscitant l\u2019int\u00e9r\u00eat d\u2019autres artistes qui s\u2019y sont associ\u00e9s au fil du temps. Ils se produisent\n                          r\u00e9guli\u00e8rement en France, et pour certains d\u2019entre eux, ils participent m\u00eame \u00e0 des tourn\u00e9es en Chine, notamment \u00e0 Chengdu et Xi\u2019An. <\/p>\n                        \n\n                        \n                        <p>Promoteur du festival \u00ab&nbsp;Automne musical&nbsp;\u00bb \u00e0 Gr\u00e9oux-les-Bains, avec le soutien de la ville, de Durance Lub\u00e9ron Verdon Agglom\u00e9ration (DLVA) et de l\u2019Office de Tourisme des Congr\u00e8s du Pays de Manosque, EIPV aura la joie de\n                          f\u00eater, cette ann\u00e9e, le 10 \u00e8me anniversaire de ce festival.<\/p>\n                        \n\n                        \n                        <p>Du 3 au 14 octobre, sept concerts seront donn\u00e9s, et je vous invite \u00e0 en d\u00e9couvrir le d\u00e9tail \u00e0 la rubrique \u00ab&nbsp;Programmation 2025&nbsp;\u00bb.<\/p>\n                        \n\n                        \n                        <p>Gr\u00e2ce \u00e0 ses m\u00e9c\u00e8nes, tant institutionnels que priv\u00e9s, ainsi qu\u2019au d\u00e9vouement et \u00e0 l\u2019enthousiasme de ses b\u00e9n\u00e9voles, EIPV est d\u00e9cid\u00e9 \u00e0 poursuivre ses actions et \u00e0 soutenir ses nouveaux projets. Robert FRANCON a accompagn\u00e9, en qualit\u00e9\n                          de Pr\u00e9sident, les d\u00e9buts et le d\u00e9veloppement de l\u2019association EIPV. Il a d\u00e9cid\u00e9 de passer maintenant le relais \u00e0 un successeur, et j\u2019ai accept\u00e9 cette transmission. Je le remercie chaleureusement d\u2019avoir assur\u00e9 la responsabilit\u00e9\n                          administrative de l\u2019association jusqu\u2019\u00e0 ce jour. Lors de la derni\u00e8re assembl\u00e9e g\u00e9n\u00e9rale, un nouveau Conseil d\u2019Administration et, cons\u00e9cutivement, un nouveau Bureau ont \u00e9t\u00e9 constitu\u00e9s et ont adopt\u00e9 les futures orientations artistiques\n                          et administratives.<\/p>\n                        \n\n                        \n                        <p>\u00ab&nbsp;De concert&nbsp;\u00bb et avec l\u2019aide de tous les intervenants actuels et futurs, j\u2019\u0153uvrerai pour que le rayonnement de l\u2019Ensemble Instrumental Provence-Verdon perdure et s\u2019intensifie autant que possible.<\/p>\n                        \n\n                        \n                        <p>Cordialement v\u00f4tre,<\/p>\n                        \n\n                        \n                        <p>Jean-Luc CROIZIER<\/p>\n                        \n\n                        \n                        <p>Pr\u00e9sident<\/p>\n                        \n\n                        \n                        <p><\/p>\n                        \n                      <\/div>\n                    <\/div>\n                    \n                  <\/div>\n                <\/div>\n              <\/div>\n            <\/div>\n          <\/div>\n        <\/div>\n      <\/div>\n    <\/div>\n  <\/div>\n<\/div>","protected":false},"excerpt":{"rendered":"<p>Depuis bient\u00f4t une d\u00e9cennie, l\u2019Ensemble Instrumental Provence-Verdon (EIPV) enchante les m\u00e9lomanes de Gr\u00e9oux-les-Bains, [&hellip;]<\/p>\n","protected":false},"author":1,"featured_media":0,"parent":0,"menu_order":0,"comment_status":"closed","ping_status":"closed","template":"page-templates\/full-width-page.php","meta":{"footnotes":""},"class_list":["post-994","page","type-page","status-publish","hentry"],"_links":{"self":[{"href":"https:\/\/ensembleinstrumentalpv.com\/index.php\/wp-json\/wp\/v2\/pages\/994","targetHints":{"allow":["GET"]}}],"collection":[{"href":"https:\/\/ensembleinstrumentalpv.com\/index.php\/wp-json\/wp\/v2\/pages"}],"about":[{"href":"https:\/\/ensembleinstrumentalpv.com\/index.php\/wp-json\/wp\/v2\/types\/page"}],"author":[{"embeddable":true,"href":"https:\/\/ensembleinstrumentalpv.com\/index.php\/wp-json\/wp\/v2\/users\/1"}],"replies":[{"embeddable":true,"href":"https:\/\/ensembleinstrumentalpv.com\/index.php\/wp-json\/wp\/v2\/comments?post=994"}],"version-history":[{"count":5,"href":"https:\/\/ensembleinstrumentalpv.com\/index.php\/wp-json\/wp\/v2\/pages\/994\/revisions"}],"predecessor-version":[{"id":1197,"href":"https:\/\/ensembleinstrumentalpv.com\/index.php\/wp-json\/wp\/v2\/pages\/994\/revisions\/1197"}],"wp:attachment":[{"href":"https:\/\/ensembleinstrumentalpv.com\/index.php\/wp-json\/wp\/v2\/media?parent=994"}],"curies":[{"name":"wp","href":"https:\/\/api.w.org\/{rel}","templated":true}]}}