{"id":46,"date":"2023-07-28T17:17:40","date_gmt":"2023-07-28T15:17:40","guid":{"rendered":"http:\/\/ensembleinstrumentalpv.com\/?page_id=46"},"modified":"2026-01-31T07:27:17","modified_gmt":"2026-01-31T06:27:17","slug":"automne-musical","status":"publish","type":"page","link":"https:\/\/ensembleinstrumentalpv.com\/index.php\/automne-musical\/","title":{"rendered":"Automne Musical 2026"},"content":{"rendered":"\n<p><\/p>\n\n\n\n<p class=\"has-text-align-center has-vivid-red-color has-text-color has-large-font-size\"><strong><strong><strong><strong><strong>Festival AUTOMNE MUSICAL <\/strong><\/strong>\n                      <\/strong>\n                      <\/strong>\n                      <\/strong>\n                    <\/p>\n\n\n\n<p class=\"has-text-align-center has-vivid-red-color has-text-color has-large-font-size\"><strong><strong><strong><strong><strong>de Gr\u00e9oux les bains&nbsp;<\/strong><\/strong>\n                      <\/strong>\n                      <\/strong>\n                      <\/strong>\n                    <\/p>\n\n\n\n<p class=\"has-text-align-center has-vivid-red-color has-text-color has-large-font-size\"><strong>11 \u00e8me Anniversaire<strong> <\/strong> <\/strong><\/p>\n\n\n\n<p class=\"has-text-align-center has-vivid-red-color has-text-color has-medium-font-size\"><strong>Du 9 au 18 OCTOBRE 202<\/strong>6<\/p>\n\n\n\n<p class=\"has-text-align-center\">Direction Artistique: Ensemble Instrumental Provence Verdon&nbsp;<\/p>\n\n\n\n<p class=\"has-text-align-center\">Olivier Lechardeur, Bernard Mauppin&nbsp;<\/p>\n\n\n\n<p class=\"has-text-align-center\">Partenariat : Office de Tourisme et des Congr\u00e8s du Pays de Manosque&nbsp;<\/p>\n\n\n\n<p><\/p>\n\n\n\n<p class=\"has-text-align-center has-vivid-red-color has-text-color has-medium-font-size\"><strong>Invit\u00e9 exceptionnel : Le violoniste Patrice FONTANAROSA<\/strong><\/p>\n\n\n\n<p class=\"has-text-align-center has-vivid-red-color has-text-color has-medium-font-size\"><strong>Vendredi 9 Octobre<\/strong><\/p>\n\n\n\n<p class=\"has-text-align-center has-text-color has-link-color wp-elements-6c73a280f514b5e8c9466320eb2a644a\" style=\"color:#cf2e2e\"><strong>Concert d\u2019ouverture du festival<\/strong><\/p>\n\n\n\n<p class=\"has-text-align-center has-text-color has-link-color has-large-font-size wp-elements-12155a717636dabc6ff7c2234688d794\" style=\"color:#cf2e2e\">&nbsp; <strong>\u00ab <em>UNICELLI \u00bb &nbsp;<\/em><\/strong><\/p>\n\n\n\n<p class=\"has-text-align-center\"><\/p>\n\n\n\n<p class=\"has-text-align-center\">Sextuor de violoncelles pour un programme exub\u00e9rant<\/p>\n\n\n\n<p>&nbsp;<\/p>\n\n\n\n<p><\/p>\n\n\n<div class=\"wp-block-image\">\n<figure class=\"aligncenter size-large is-resized\"><img loading=\"lazy\" decoding=\"async\" width=\"1024\" height=\"522\" src=\"http:\/\/ensembleinstrumentalpv.com\/wp-content\/uploads\/2025\/02\/logo-eipv-1024x522.png\" alt=\"\" class=\"wp-image-921\" style=\"width:235px;height:auto\" srcset=\"https:\/\/ensembleinstrumentalpv.com\/wp-content\/uploads\/2025\/02\/logo-eipv-1024x522.png 1024w, https:\/\/ensembleinstrumentalpv.com\/wp-content\/uploads\/2025\/02\/logo-eipv-300x153.png 300w, https:\/\/ensembleinstrumentalpv.com\/wp-content\/uploads\/2025\/02\/logo-eipv-768x392.png 768w, https:\/\/ensembleinstrumentalpv.com\/wp-content\/uploads\/2025\/02\/logo-eipv-1536x783.png 1536w, https:\/\/ensembleinstrumentalpv.com\/wp-content\/uploads\/2025\/02\/logo-eipv-2048x1045.png 2048w\" sizes=\"auto, (max-width: 1024px) 100vw, 1024px\" \/><\/figure>\n<\/div>\n\n\n<p><\/p>\n\n\n\n<p class=\"has-text-align-center has-vivid-red-color has-text-color has-medium-font-size\"><strong>Samedi 10 et Dimanche 11 Octobre<\/strong><\/p>\n\n\n\n<p class=\"has-text-align-center has-text-color has-link-color has-large-font-size wp-elements-7b45aecbb1540196b9e28d325ac48921\" style=\"color:#cf2e2e\"><\/p>\n\n\n\n<p class=\"has-text-align-center\">Master Classes du violoniste Patrice Fontanarosa pour des \u00e9tudiants 3\u00e8me cycle.<\/p>\n\n\n<div class=\"wp-block-image\">\n<figure class=\"aligncenter size-large is-resized\"><img loading=\"lazy\" decoding=\"async\" width=\"1024\" height=\"522\" src=\"http:\/\/ensembleinstrumentalpv.com\/wp-content\/uploads\/2025\/02\/logo-eipv-1024x522.png\" alt=\"\" class=\"wp-image-921\" style=\"width:235px;height:auto\" srcset=\"https:\/\/ensembleinstrumentalpv.com\/wp-content\/uploads\/2025\/02\/logo-eipv-1024x522.png 1024w, https:\/\/ensembleinstrumentalpv.com\/wp-content\/uploads\/2025\/02\/logo-eipv-300x153.png 300w, https:\/\/ensembleinstrumentalpv.com\/wp-content\/uploads\/2025\/02\/logo-eipv-768x392.png 768w, https:\/\/ensembleinstrumentalpv.com\/wp-content\/uploads\/2025\/02\/logo-eipv-1536x783.png 1536w, https:\/\/ensembleinstrumentalpv.com\/wp-content\/uploads\/2025\/02\/logo-eipv-2048x1045.png 2048w\" sizes=\"auto, (max-width: 1024px) 100vw, 1024px\" \/><\/figure>\n<\/div>\n\n\n<p class=\"has-text-align-center has-text-color has-link-color has-medium-font-size wp-elements-e39dcb9270fff9ae7b2b0c4b28019578\" style=\"color:#cf2e2e\"><strong>Samedi  10 Octobre<\/strong><\/p>\n\n\n\n<p class=\"has-text-align-center has-text-color has-link-color has-medium-font-size wp-elements-76f60225b8e200d82ed5de17f3fad094\" style=\"color:#cf2e2e\">18h<strong>  <\/strong><\/p>\n\n\n\n<p class=\"has-text-align-center\">Film &#8211; Ecocin\u00e9, 18h&nbsp; \u00ab&nbsp;En fanfare&nbsp;\u00bb<\/p>\n\n\n<div class=\"wp-block-image\">\n<figure class=\"aligncenter size-large is-resized\"><img loading=\"lazy\" decoding=\"async\" width=\"1024\" height=\"522\" src=\"http:\/\/ensembleinstrumentalpv.com\/wp-content\/uploads\/2025\/02\/logo-eipv-1024x522.png\" alt=\"\" class=\"wp-image-921\" style=\"width:235px;height:auto\" srcset=\"https:\/\/ensembleinstrumentalpv.com\/wp-content\/uploads\/2025\/02\/logo-eipv-1024x522.png 1024w, https:\/\/ensembleinstrumentalpv.com\/wp-content\/uploads\/2025\/02\/logo-eipv-300x153.png 300w, https:\/\/ensembleinstrumentalpv.com\/wp-content\/uploads\/2025\/02\/logo-eipv-768x392.png 768w, https:\/\/ensembleinstrumentalpv.com\/wp-content\/uploads\/2025\/02\/logo-eipv-1536x783.png 1536w, https:\/\/ensembleinstrumentalpv.com\/wp-content\/uploads\/2025\/02\/logo-eipv-2048x1045.png 2048w\" sizes=\"auto, (max-width: 1024px) 100vw, 1024px\" \/><\/figure>\n<\/div>\n\n\n<p class=\"has-text-align-center has-text-color has-link-color has-medium-font-size wp-elements-28517cfd54a18deb1d17518e39e08ef0\" style=\"color:#cf2e2e\"><strong>Dimanche 11 Octobre<\/strong><\/p>\n\n\n\n<p class=\"has-text-align-center has-text-color has-link-color has-medium-font-size wp-elements-4b2628ebaaff7f0915f8f533ea96026d\" style=\"color:#cf2e2e\">18h<strong> <\/strong><\/p>\n\n\n\n<p class=\"has-text-align-center\">Eglise: concert des \u00e9tudiants de la Master Class<\/p>\n\n\n\n<p><\/p>\n\n\n<div class=\"wp-block-image\">\n<figure class=\"aligncenter size-large is-resized\"><img loading=\"lazy\" decoding=\"async\" width=\"1024\" height=\"522\" src=\"http:\/\/ensembleinstrumentalpv.com\/wp-content\/uploads\/2025\/02\/logo-eipv-1024x522.png\" alt=\"\" class=\"wp-image-921\" style=\"width:235px;height:auto\" srcset=\"https:\/\/ensembleinstrumentalpv.com\/wp-content\/uploads\/2025\/02\/logo-eipv-1024x522.png 1024w, https:\/\/ensembleinstrumentalpv.com\/wp-content\/uploads\/2025\/02\/logo-eipv-300x153.png 300w, https:\/\/ensembleinstrumentalpv.com\/wp-content\/uploads\/2025\/02\/logo-eipv-768x392.png 768w, https:\/\/ensembleinstrumentalpv.com\/wp-content\/uploads\/2025\/02\/logo-eipv-1536x783.png 1536w, https:\/\/ensembleinstrumentalpv.com\/wp-content\/uploads\/2025\/02\/logo-eipv-2048x1045.png 2048w\" sizes=\"auto, (max-width: 1024px) 100vw, 1024px\" \/><\/figure>\n<\/div>\n\n\n<p><\/p>\n\n\n\n<p class=\"has-text-align-center has-text-color has-link-color wp-elements-5114b311da80c84b3adf16aa8c3879a9\" style=\"color:#cf2e2e\"><strong>Mardi 13 octobre &#8211; 18h30. <\/strong><\/p>\n\n\n\n<p><\/p>\n\n\n\n<p class=\"has-text-align-center has-text-color has-link-color has-large-font-size wp-elements-98f4468e36ba57124e75d7b24e1bdedf\" style=\"color:#cf2e2e\">\u00ab <strong><strong>Une \u00e9toile du violon international&nbsp;<\/strong> \u00bb&nbsp;&nbsp;<\/strong><\/p>\n\n\n\n<p class=\"has-text-align-center\"><strong>Patrice Fontanarosa,<\/strong> invit\u00e9 exceptionnel, entour\u00e9 de ses nombreux amis<\/p>\n\n\n\n<p class=\"has-text-align-center\">pour une f\u00eate du violon en son honneur.<\/p>\n\n\n\n<p class=\"has-text-align-center\">Centre l&#8217;Etoile , Salle Mistral<\/p>\n\n\n<div class=\"wp-block-image\">\n<figure class=\"aligncenter size-large is-resized\"><img loading=\"lazy\" decoding=\"async\" width=\"1024\" height=\"522\" src=\"http:\/\/ensembleinstrumentalpv.com\/wp-content\/uploads\/2025\/02\/logo-eipv-1024x522.png\" alt=\"\" class=\"wp-image-921\" style=\"width:235px;height:auto\" srcset=\"https:\/\/ensembleinstrumentalpv.com\/wp-content\/uploads\/2025\/02\/logo-eipv-1024x522.png 1024w, https:\/\/ensembleinstrumentalpv.com\/wp-content\/uploads\/2025\/02\/logo-eipv-300x153.png 300w, https:\/\/ensembleinstrumentalpv.com\/wp-content\/uploads\/2025\/02\/logo-eipv-768x392.png 768w, https:\/\/ensembleinstrumentalpv.com\/wp-content\/uploads\/2025\/02\/logo-eipv-1536x783.png 1536w, https:\/\/ensembleinstrumentalpv.com\/wp-content\/uploads\/2025\/02\/logo-eipv-2048x1045.png 2048w\" sizes=\"auto, (max-width: 1024px) 100vw, 1024px\" \/><\/figure>\n<\/div>\n\n\n<p><\/p>\n\n\n\n<p class=\"has-text-align-center has-text-color has-link-color wp-elements-323cfc76a47da44413378d4c7caea6c0\" style=\"color:#cf2e2e\"><strong>Vendredi 16 octobre -18h30 <\/strong><\/p>\n\n\n\n<p><\/p>\n\n\n\n<p class=\"has-text-align-center has-text-color has-link-color has-large-font-size wp-elements-92b1ee1613469a07ae4ab5ec5a550b2a\" style=\"color:#cf2e2e\"><strong><em><strong>Sur les chemins de Boh\u00e8me&nbsp;<\/strong> &nbsp; <\/em><\/strong><\/p>\n\n\n\n<p class=\"has-text-align-center\">&nbsp;Dvorak, quintette piano cordes N\u00b02 op 81 et diverses danses slaves<\/p>\n\n\n\n<p class=\"has-text-align-center\">Chostakovitch, trio piano cordes<\/p>\n\n\n\n<p class=\"has-text-align-center\">Centre l\u2019Etoile&nbsp;<\/p>\n\n\n\n<p><\/p>\n\n\n<div class=\"wp-block-image\">\n<figure class=\"aligncenter size-large is-resized\"><img loading=\"lazy\" decoding=\"async\" width=\"1024\" height=\"522\" src=\"http:\/\/ensembleinstrumentalpv.com\/wp-content\/uploads\/2025\/02\/logo-eipv-1024x522.png\" alt=\"\" class=\"wp-image-921\" style=\"width:235px;height:auto\" srcset=\"https:\/\/ensembleinstrumentalpv.com\/wp-content\/uploads\/2025\/02\/logo-eipv-1024x522.png 1024w, https:\/\/ensembleinstrumentalpv.com\/wp-content\/uploads\/2025\/02\/logo-eipv-300x153.png 300w, https:\/\/ensembleinstrumentalpv.com\/wp-content\/uploads\/2025\/02\/logo-eipv-768x392.png 768w, https:\/\/ensembleinstrumentalpv.com\/wp-content\/uploads\/2025\/02\/logo-eipv-1536x783.png 1536w, https:\/\/ensembleinstrumentalpv.com\/wp-content\/uploads\/2025\/02\/logo-eipv-2048x1045.png 2048w\" sizes=\"auto, (max-width: 1024px) 100vw, 1024px\" \/><\/figure>\n<\/div>\n\n\n<p><\/p>\n\n\n\n<p class=\"has-text-align-center has-text-color has-link-color wp-elements-3a8ac30336d4f285925bccc80c7b0e9b\" style=\"color:#cf2e2e\"><strong>Dimanche 18 octobre  <\/strong><\/p>\n\n\n\n<p>&nbsp;&nbsp;&nbsp;<\/p>\n\n\n\n<p class=\"has-text-align-center has-text-color has-link-color has-large-font-size wp-elements-6a9c46f9e101dca25a501cfb4998537d\" style=\"color:#cf2e2e\">&nbsp;<strong><strong>Nuits \u00e9toil\u00e9es&nbsp;<\/strong>&nbsp;&nbsp;<\/strong><\/p>\n\n\n\n<p><\/p>\n\n\n\n<p><strong>&nbsp;&nbsp;&nbsp; <\/strong>&nbsp;&nbsp;&nbsp;&nbsp;<\/p>\n\n\n\n<p class=\"has-text-align-center\">&nbsp;&nbsp;&nbsp;&nbsp;&nbsp;&nbsp;&nbsp;&nbsp;&nbsp;&nbsp;&nbsp; Eglise&nbsp;Notre dame des Ormeaux<\/p>\n\n\n\n<p class=\"has-text-align-center\"> avec les cordes de l\u2019EIPV<\/p>\n\n\n\n<p class=\"has-text-align-center\">&nbsp;&nbsp;&nbsp; Mozart, S\u00e9r\u00e9nade \u00ab&nbsp;petite musique de nuit&nbsp;\u00bb KV 525<\/p>\n\n\n\n<p class=\"has-text-align-center\">&nbsp;&nbsp;&nbsp; Schoenberg, \u00ab&nbsp;Verkl\u00e4rte&nbsp;\u00bb, La Nuit transfigur\u00e9e &#8211; op 4<\/p>\n\n\n\n<p class=\"has-text-align-center\">&nbsp;&nbsp;&nbsp; Mendelssohn \u00ab&nbsp;Le songe d\u2019une nuit d\u2019\u00e9t\u00e9&nbsp;\u00bb extraits<\/p>\n\n\n\n<p><\/p>\n\n\n\n<p class=\"has-text-align-center\">&nbsp;&nbsp;&nbsp;&nbsp;&nbsp;&nbsp;&nbsp;&nbsp;&nbsp; Eglise&nbsp;Notre dame des Ormeaux<\/p>\n\n\n<div class=\"wp-block-image\">\n<figure class=\"aligncenter size-large is-resized\"><img loading=\"lazy\" decoding=\"async\" width=\"1024\" height=\"522\" src=\"http:\/\/ensembleinstrumentalpv.com\/wp-content\/uploads\/2025\/02\/logo-eipv-1024x522.png\" alt=\"\" class=\"wp-image-921\" style=\"width:235px;height:auto\" srcset=\"https:\/\/ensembleinstrumentalpv.com\/wp-content\/uploads\/2025\/02\/logo-eipv-1024x522.png 1024w, https:\/\/ensembleinstrumentalpv.com\/wp-content\/uploads\/2025\/02\/logo-eipv-300x153.png 300w, https:\/\/ensembleinstrumentalpv.com\/wp-content\/uploads\/2025\/02\/logo-eipv-768x392.png 768w, https:\/\/ensembleinstrumentalpv.com\/wp-content\/uploads\/2025\/02\/logo-eipv-1536x783.png 1536w, https:\/\/ensembleinstrumentalpv.com\/wp-content\/uploads\/2025\/02\/logo-eipv-2048x1045.png 2048w\" sizes=\"auto, (max-width: 1024px) 100vw, 1024px\" \/><\/figure>\n<\/div>\n\n\n<p><\/p>\n\n\n\n<p class=\"has-text-align-center has-text-color has-link-color wp-elements-2d5f51ca325954ddeca9b20bdbe04201\" style=\"color:#cf2e2e\"><\/p>\n\n\n\n<p class=\"has-text-align-center has-text-color has-link-color has-large-font-size wp-elements-7b45aecbb1540196b9e28d325ac48921\" style=\"color:#cf2e2e\"><\/p>\n\n\n\n<p><\/p>\n\n\n\n<p class=\"has-vivid-red-color has-text-color\"><\/p>\n\n\n\n<p class=\"has-text-color has-link-color wp-elements-5339db211c0b9ec0ba5aa6aa12426b85\" style=\"color:#cf2e2e\"><\/p>\n\n\n\n<p class=\"has-text-align-center has-vivid-red-color has-text-color\">Gratuit moins de 16 ans<\/p>\n\n\n\n<p class=\"has-text-align-center has-vivid-red-color has-text-color\"><strong>RESERVATION EN LIGNE CONSEILLEE <\/strong>SUR : www.durance-luberon-verdon.com<\/p>\n\n\n\n<p class=\"has-text-align-center has-vivid-red-color has-text-color\">BILLETERIE SUR PLACE &#8230;..en fonction des places disponibles<\/p>\n\n\n\n<p class=\"has-text-align-center has-vivid-red-color has-text-color\">CONTACT EIPV : Tel 06 80 96 08 84<\/p>\n\n\n\n<p class=\"has-text-align-center has-vivid-red-color has-text-color\">Courriel : Ensembledpv@gmail.com<\/p>\n\n\n\n<p class=\"has-text-align-center\"><\/p>\n\n\n\n<p class=\"has-text-align-center\">On peut se demander pourquoi le rendez-vous artistique \u00ab Automne musical \u00bb qui vit sa 11 \u00e8me \u00e9dition en 2025, trouve sa p\u00e9rennit\u00e9 sur le territoire des Alpes de Haute Provence[1]au c\u0153ur de la jolie cit\u00e9 thermale de Gr\u00e9oux-Les-Bains. D\u00e8s l&#8217;origine, cette action culturelle, soutenue par la Ville de Greoux-Les-Bains et son Office De Tourisme et des Congr\u00e8s du Pays de Manosque, a \u00e9t\u00e9 port\u00e9e par quelques grys\u00e9liens et l&#8217;Ensemble Instrumental Provence Verdon. Ce projet a prouv\u00e9 la capacit\u00e9 d&#8217;ouvrir de nouvelles perspectives gr\u00e2ce auxquelles la musique dite \u00ab classique \u00bb, tisse un lien social ind\u00e9fectible. entre les habitants de la r\u00e9gion, les curistes et les m\u00e9lomanes. C&#8217;est en partageant les respirations musicales du concert, l\u00e0 o\u00f9 l&#8217;engagement total des artistes interpr\u00e9tant les \u0153uvres phares du r\u00e9pertoire est manifeste, que la curiosit\u00e9, le partage, l\u2019\u00e9merveillement des \u00e9motions diverses, deviennent irrempla\u00e7ables par la joie du direct. Chaque ann\u00e9e, l&#8217;invitation de personnalit\u00e9s musicales de renom se joignent \u00e0 l\u2019EIPV. La programmation riche en pluralit\u00e9, ainsi que les cours d&#8217;interpr\u00e9tation \u00e0 de jeunes musiciens, permettent d\u2019ancrer avec le public ce rendez-vous devenu marquant dans la cit\u00e9. La ville de Gr\u00e9oux-Les-Bains et de la Communaut\u00e9 de Communes, la DLVA sous l\u2019impulsion de l\u2019Office de Tourisme Communautaire, le D\u00e9partement 04 et la Direction R\u00e9gionale des Affaires Culturelles trouvent dans ce festival un ressourcement indispensable \u00e0 ceux qui vivent ou ceux qui passent en octobre dans cette r\u00e9gion o\u00f9 la nature et la culture tissent le fil conducteur de l&#8217;\u00e9panouissement et du bien \u00eatre de chacun.<\/p>\n\n\n<\/div>\n<\/div>\n<\/div>\n<\/div>\n<\/div>\n<\/div>\n<\/div>\n<\/div>\n<\/div>\n<\/div>","protected":false},"excerpt":{"rendered":"<p>Festival AUTOMNE MUSICAL de Gr\u00e9oux les bains&nbsp; 11 \u00e8me Anniversaire Du 9 au [&hellip;]<\/p>\n","protected":false},"author":1,"featured_media":0,"parent":0,"menu_order":0,"comment_status":"closed","ping_status":"closed","template":"page-templates\/full-width-page.php","meta":{"footnotes":""},"class_list":["post-46","page","type-page","status-publish","hentry"],"_links":{"self":[{"href":"https:\/\/ensembleinstrumentalpv.com\/index.php\/wp-json\/wp\/v2\/pages\/46","targetHints":{"allow":["GET"]}}],"collection":[{"href":"https:\/\/ensembleinstrumentalpv.com\/index.php\/wp-json\/wp\/v2\/pages"}],"about":[{"href":"https:\/\/ensembleinstrumentalpv.com\/index.php\/wp-json\/wp\/v2\/types\/page"}],"author":[{"embeddable":true,"href":"https:\/\/ensembleinstrumentalpv.com\/index.php\/wp-json\/wp\/v2\/users\/1"}],"replies":[{"embeddable":true,"href":"https:\/\/ensembleinstrumentalpv.com\/index.php\/wp-json\/wp\/v2\/comments?post=46"}],"version-history":[{"count":20,"href":"https:\/\/ensembleinstrumentalpv.com\/index.php\/wp-json\/wp\/v2\/pages\/46\/revisions"}],"predecessor-version":[{"id":1266,"href":"https:\/\/ensembleinstrumentalpv.com\/index.php\/wp-json\/wp\/v2\/pages\/46\/revisions\/1266"}],"wp:attachment":[{"href":"https:\/\/ensembleinstrumentalpv.com\/index.php\/wp-json\/wp\/v2\/media?parent=46"}],"curies":[{"name":"wp","href":"https:\/\/api.w.org\/{rel}","templated":true}]}}